{"id":2525,"date":"2017-03-08T03:22:20","date_gmt":"2017-03-08T03:22:20","guid":{"rendered":"https:\/\/dialogosdobosque.com\/dev01\/?page_id=2525"},"modified":"2025-04-14T19:28:38","modified_gmt":"2025-04-14T19:28:38","slug":"home","status":"publish","type":"page","link":"https:\/\/dialogosdobosque.pt\/en\/","title":{"rendered":"Home"},"content":{"rendered":"","protected":false},"excerpt":{"rendered":"","protected":false},"author":1,"featured_media":0,"parent":0,"menu_order":0,"comment_status":"closed","ping_status":"open","template":"","meta":{"footnotes":""},"class_list":["post-2525","page","type-page","status-publish","hentry"],"yoast_head":"<!-- This site is optimized with the Yoast SEO Premium plugin v24.8 (Yoast SEO v26.9) - https:\/\/yoast.com\/product\/yoast-seo-premium-wordpress\/ -->\n<title>Di\u00e1logos do Bosque &gt;&gt; Opuntia Ficus-\u00cdndica | Nopal Cactus<\/title>\n<meta name=\"description\" content=\"Discover Di\u00e1logos do Bosque and how we use cacti for human and animal consumption as well as for biofuels, electrical energy and more!\" \/>\n<meta name=\"robots\" content=\"index, follow, max-snippet:-1, max-image-preview:large, max-video-preview:-1\" \/>\n<link rel=\"canonical\" href=\"https:\/\/dialogosdobosque.pt\/\" \/>\n<meta property=\"og:locale\" content=\"en_US\" \/>\n<meta property=\"og:type\" content=\"article\" \/>\n<meta property=\"og:title\" content=\"Home\" \/>\n<meta property=\"og:description\" content=\"Discover Di\u00e1logos do Bosque and how we use cacti for human and animal consumption as well as for biofuels, electrical energy and more!\" \/>\n<meta property=\"og:url\" content=\"https:\/\/dialogosdobosque.pt\/\" \/>\n<meta property=\"og:site_name\" content=\"Di\u00e1logos do Bosque\" \/>\n<meta property=\"article:modified_time\" content=\"2025-04-14T19:28:38+00:00\" \/>\n<meta name=\"twitter:card\" content=\"summary_large_image\" \/>\n<script type=\"application\/ld+json\" class=\"yoast-schema-graph\">{\"@context\":\"https:\/\/schema.org\",\"@graph\":[{\"@type\":\"WebPage\",\"@id\":\"https:\/\/dialogosdobosque.pt\/\",\"url\":\"https:\/\/dialogosdobosque.pt\/\",\"name\":\"Di\u00e1logos do Bosque >> Opuntia Ficus-\u00cdndica | Nopal Cactus\",\"isPartOf\":{\"@id\":\"https:\/\/dialogosdobosque.pt\/#website\"},\"datePublished\":\"2017-03-08T03:22:20+00:00\",\"dateModified\":\"2025-04-14T19:28:38+00:00\",\"description\":\"Discover Di\u00e1logos do Bosque and how we use cacti for human and animal consumption as well as for biofuels, electrical energy and more!\",\"breadcrumb\":{\"@id\":\"https:\/\/dialogosdobosque.pt\/#breadcrumb\"},\"inLanguage\":\"en-US\",\"potentialAction\":[{\"@type\":\"ReadAction\",\"target\":[\"https:\/\/dialogosdobosque.pt\/\"]}]},{\"@type\":\"BreadcrumbList\",\"@id\":\"https:\/\/dialogosdobosque.pt\/#breadcrumb\",\"itemListElement\":[{\"@type\":\"ListItem\",\"position\":1,\"name\":\"In\u00edcio\",\"item\":\"https:\/\/dialogosdobosque.pt\/\"},{\"@type\":\"ListItem\",\"position\":2,\"name\":\"Home\"}]},{\"@type\":\"WebSite\",\"@id\":\"https:\/\/dialogosdobosque.pt\/#website\",\"url\":\"https:\/\/dialogosdobosque.pt\/\",\"name\":\"Di\u00e1logos do Bosque\",\"description\":\"\",\"publisher\":{\"@id\":\"https:\/\/dialogosdobosque.pt\/#organization\"},\"potentialAction\":[{\"@type\":\"SearchAction\",\"target\":{\"@type\":\"EntryPoint\",\"urlTemplate\":\"https:\/\/dialogosdobosque.pt\/?s={search_term_string}\"},\"query-input\":{\"@type\":\"PropertyValueSpecification\",\"valueRequired\":true,\"valueName\":\"search_term_string\"}}],\"inLanguage\":\"en-US\"},{\"@type\":\"Organization\",\"@id\":\"https:\/\/dialogosdobosque.pt\/#organization\",\"name\":\"Di\u00e1logos do Bosque - Unipessoal, lda\",\"url\":\"https:\/\/dialogosdobosque.pt\/\",\"logo\":{\"@type\":\"ImageObject\",\"inLanguage\":\"en-US\",\"@id\":\"https:\/\/dialogosdobosque.pt\/#\/schema\/logo\/image\/\",\"url\":\"https:\/\/dialogosdobosque.pt\/wp-content\/uploads\/2025\/03\/logo_fundo_branco_M.jpg\",\"contentUrl\":\"https:\/\/dialogosdobosque.pt\/wp-content\/uploads\/2025\/03\/logo_fundo_branco_M.jpg\",\"width\":501,\"height\":350,\"caption\":\"Di\u00e1logos do Bosque - Unipessoal, lda\"},\"image\":{\"@id\":\"https:\/\/dialogosdobosque.pt\/#\/schema\/logo\/image\/\"},\"description\":\"Di\u00e1logos do Bosque is a Portuguese company, specialized and exclusively dedicated to the cactus pear \/ prickly pear cactus (Opuntia ficus-indica), with more than 12 years of experience, with nurseries capable of supplying cactus pads \/ cladodes for new projects of different types, at any time of the year, with its own orchards as well as several processing units, located in the Alentejo. Cactus projects for: human food | animal feed \/ fodder \/ forage | soil regeneration and desertification combat | production of biomass for biofuels (biogas or bioethanol) | electricity production | firebreaks and natural hedges \/ fences | carbon credits. Use of the best, environment friendly and healthiest organic agricultural practices.\",\"email\":\"info@dialogosdobosque.pt\",\"telephone\":\"+351 938654762\",\"legalName\":\"Di\u00e1logos do Bosque, Unipessoal Lda\",\"foundingDate\":\"2013-07-05\"}]}<\/script>\n<!-- \/ Yoast SEO Premium plugin. -->","yoast_head_json":{"title":"Di\u00e1logos do Bosque >> Opuntia Ficus-\u00cdndica | Nopal Cactus","description":"Discover Di\u00e1logos do Bosque and how we use cacti for human and animal consumption as well as for biofuels, electrical energy and more!","robots":{"index":"index","follow":"follow","max-snippet":"max-snippet:-1","max-image-preview":"max-image-preview:large","max-video-preview":"max-video-preview:-1"},"canonical":"https:\/\/dialogosdobosque.pt\/","og_locale":"en_US","og_type":"article","og_title":"Home","og_description":"Discover Di\u00e1logos do Bosque and how we use cacti for human and animal consumption as well as for biofuels, electrical energy and more!","og_url":"https:\/\/dialogosdobosque.pt\/","og_site_name":"Di\u00e1logos do Bosque","article_modified_time":"2025-04-14T19:28:38+00:00","twitter_card":"summary_large_image","schema":{"@context":"https:\/\/schema.org","@graph":[{"@type":"WebPage","@id":"https:\/\/dialogosdobosque.pt\/","url":"https:\/\/dialogosdobosque.pt\/","name":"Di\u00e1logos do Bosque >> Opuntia Ficus-\u00cdndica | Nopal Cactus","isPartOf":{"@id":"https:\/\/dialogosdobosque.pt\/#website"},"datePublished":"2017-03-08T03:22:20+00:00","dateModified":"2025-04-14T19:28:38+00:00","description":"Discover Di\u00e1logos do Bosque and how we use cacti for human and animal consumption as well as for biofuels, electrical energy and more!","breadcrumb":{"@id":"https:\/\/dialogosdobosque.pt\/#breadcrumb"},"inLanguage":"en-US","potentialAction":[{"@type":"ReadAction","target":["https:\/\/dialogosdobosque.pt\/"]}]},{"@type":"BreadcrumbList","@id":"https:\/\/dialogosdobosque.pt\/#breadcrumb","itemListElement":[{"@type":"ListItem","position":1,"name":"In\u00edcio","item":"https:\/\/dialogosdobosque.pt\/"},{"@type":"ListItem","position":2,"name":"Home"}]},{"@type":"WebSite","@id":"https:\/\/dialogosdobosque.pt\/#website","url":"https:\/\/dialogosdobosque.pt\/","name":"Di\u00e1logos do Bosque","description":"","publisher":{"@id":"https:\/\/dialogosdobosque.pt\/#organization"},"potentialAction":[{"@type":"SearchAction","target":{"@type":"EntryPoint","urlTemplate":"https:\/\/dialogosdobosque.pt\/?s={search_term_string}"},"query-input":{"@type":"PropertyValueSpecification","valueRequired":true,"valueName":"search_term_string"}}],"inLanguage":"en-US"},{"@type":"Organization","@id":"https:\/\/dialogosdobosque.pt\/#organization","name":"Di\u00e1logos do Bosque - Unipessoal, lda","url":"https:\/\/dialogosdobosque.pt\/","logo":{"@type":"ImageObject","inLanguage":"en-US","@id":"https:\/\/dialogosdobosque.pt\/#\/schema\/logo\/image\/","url":"https:\/\/dialogosdobosque.pt\/wp-content\/uploads\/2025\/03\/logo_fundo_branco_M.jpg","contentUrl":"https:\/\/dialogosdobosque.pt\/wp-content\/uploads\/2025\/03\/logo_fundo_branco_M.jpg","width":501,"height":350,"caption":"Di\u00e1logos do Bosque - Unipessoal, lda"},"image":{"@id":"https:\/\/dialogosdobosque.pt\/#\/schema\/logo\/image\/"},"description":"Di\u00e1logos do Bosque is a Portuguese company, specialized and exclusively dedicated to the cactus pear \/ prickly pear cactus (Opuntia ficus-indica), with more than 12 years of experience, with nurseries capable of supplying cactus pads \/ cladodes for new projects of different types, at any time of the year, with its own orchards as well as several processing units, located in the Alentejo. Cactus projects for: human food | animal feed \/ fodder \/ forage | soil regeneration and desertification combat | production of biomass for biofuels (biogas or bioethanol) | electricity production | firebreaks and natural hedges \/ fences | carbon credits. Use of the best, environment friendly and healthiest organic agricultural practices.","email":"info@dialogosdobosque.pt","telephone":"+351 938654762","legalName":"Di\u00e1logos do Bosque, Unipessoal Lda","foundingDate":"2013-07-05"}]}},"_links":{"self":[{"href":"https:\/\/dialogosdobosque.pt\/en\/wp-json\/wp\/v2\/pages\/2525","targetHints":{"allow":["GET"]}}],"collection":[{"href":"https:\/\/dialogosdobosque.pt\/en\/wp-json\/wp\/v2\/pages"}],"about":[{"href":"https:\/\/dialogosdobosque.pt\/en\/wp-json\/wp\/v2\/types\/page"}],"author":[{"embeddable":true,"href":"https:\/\/dialogosdobosque.pt\/en\/wp-json\/wp\/v2\/users\/1"}],"replies":[{"embeddable":true,"href":"https:\/\/dialogosdobosque.pt\/en\/wp-json\/wp\/v2\/comments?post=2525"}],"version-history":[{"count":1,"href":"https:\/\/dialogosdobosque.pt\/en\/wp-json\/wp\/v2\/pages\/2525\/revisions"}],"predecessor-version":[{"id":2935,"href":"https:\/\/dialogosdobosque.pt\/en\/wp-json\/wp\/v2\/pages\/2525\/revisions\/2935"}],"wp:attachment":[{"href":"https:\/\/dialogosdobosque.pt\/en\/wp-json\/wp\/v2\/media?parent=2525"}],"curies":[{"name":"wp","href":"https:\/\/api.w.org\/{rel}","templated":true}]}}